{"id":3095,"date":"2026-04-20T19:53:37","date_gmt":"2026-04-20T23:53:37","guid":{"rendered":"https:\/\/iiccfapostgrado.umsa.bo\/?page_id=3095"},"modified":"2026-04-20T19:53:37","modified_gmt":"2026-04-20T23:53:37","slug":"tapasztald-meg-a-mobiljatek-izgalmat-barhol-barmikor-hiszen-legiano-kinalataban-olyan-elo-kaszino-jatekokat-es-nyerogepeket-talalsz-amelyekkel-nem-lehet-unatkozni","status":"publish","type":"page","link":"https:\/\/iiccfapostgrado.umsa.bo\/index.php\/tapasztald-meg-a-mobiljatek-izgalmat-barhol-barmikor-hiszen-legiano-kinalataban-olyan-elo-kaszino-jatekokat-es-nyerogepeket-talalsz-amelyekkel-nem-lehet-unatkozni\/","title":{"rendered":"<div style=\"position: absolute; left: -7566px;\"><p>Tapasztald meg a mobilj\u00e1t\u00e9k izgalm\u00e1t b\u00e1rhol, b\u00e1rmikor, hiszen <a href=\"https:\/\/legiano.net\/\">Legiano<\/a> k\u00edn\u00e1lat\u00e1ban olyan \u00e9l\u0151 kaszin\u00f3 j\u00e1t\u00e9kokat \u00e9s nyer\u0151g\u00e9peket tal\u00e1lsz, amelyekkel nem lehet unatkozni!<\/p><\/div>"},"content":{"rendered":"","protected":false},"excerpt":{"rendered":"","protected":false},"author":1,"featured_media":0,"parent":0,"menu_order":0,"comment_status":"closed","ping_status":"closed","template":"","meta":[],"_links":{"self":[{"href":"https:\/\/iiccfapostgrado.umsa.bo\/index.php\/wp-json\/wp\/v2\/pages\/3095"}],"collection":[{"href":"https:\/\/iiccfapostgrado.umsa.bo\/index.php\/wp-json\/wp\/v2\/pages"}],"about":[{"href":"https:\/\/iiccfapostgrado.umsa.bo\/index.php\/wp-json\/wp\/v2\/types\/page"}],"author":[{"embeddable":true,"href":"https:\/\/iiccfapostgrado.umsa.bo\/index.php\/wp-json\/wp\/v2\/users\/1"}],"replies":[{"embeddable":true,"href":"https:\/\/iiccfapostgrado.umsa.bo\/index.php\/wp-json\/wp\/v2\/comments?post=3095"}],"version-history":[{"count":1,"href":"https:\/\/iiccfapostgrado.umsa.bo\/index.php\/wp-json\/wp\/v2\/pages\/3095\/revisions"}],"predecessor-version":[{"id":3102,"href":"https:\/\/iiccfapostgrado.umsa.bo\/index.php\/wp-json\/wp\/v2\/pages\/3095\/revisions\/3102"}],"wp:attachment":[{"href":"https:\/\/iiccfapostgrado.umsa.bo\/index.php\/wp-json\/wp\/v2\/media?parent=3095"}],"curies":[{"name":"wp","href":"https:\/\/api.w.org\/{rel}","templated":true}]}}