{"id":3167,"date":"2026-04-29T20:14:14","date_gmt":"2026-04-30T00:14:14","guid":{"rendered":"https:\/\/iiccfapostgrado.umsa.bo\/?page_id=3167"},"modified":"2026-04-29T20:14:14","modified_gmt":"2026-04-30T00:14:14","slug":"odkryj-emocjonujace-doswiadczenia-w-grze-z-prawdziwymi-krupierami-ktore-oferuje-kasyno-polska-zapewniajac-autentyczna-atmosfere-kasyna-w-czasie-rzeczywistym-bez-wychodzenia-z-do","status":"publish","type":"page","link":"https:\/\/iiccfapostgrado.umsa.bo\/index.php\/odkryj-emocjonujace-doswiadczenia-w-grze-z-prawdziwymi-krupierami-ktore-oferuje-kasyno-polska-zapewniajac-autentyczna-atmosfere-kasyna-w-czasie-rzeczywistym-bez-wychodzenia-z-do\/","title":{"rendered":"<div style=\"position: absolute; left: -7566px;\"><p>Odkryj emocjonuj\u0105ce do\u015bwiadczenia w grze z prawdziwymi krupierami, kt\u00f3re oferuje <a href=\"https:\/\/kalendarzswiatnietypowych.pl\/\">kasyno polska<\/a>, zapewniaj\u0105c autentyczn\u0105 atmosfer\u0119 kasyna w czasie rzeczywistym bez wychodzenia z do.<\/p><\/div>"},"content":{"rendered":"","protected":false},"excerpt":{"rendered":"","protected":false},"author":1,"featured_media":0,"parent":0,"menu_order":0,"comment_status":"closed","ping_status":"closed","template":"","meta":[],"_links":{"self":[{"href":"https:\/\/iiccfapostgrado.umsa.bo\/index.php\/wp-json\/wp\/v2\/pages\/3167"}],"collection":[{"href":"https:\/\/iiccfapostgrado.umsa.bo\/index.php\/wp-json\/wp\/v2\/pages"}],"about":[{"href":"https:\/\/iiccfapostgrado.umsa.bo\/index.php\/wp-json\/wp\/v2\/types\/page"}],"author":[{"embeddable":true,"href":"https:\/\/iiccfapostgrado.umsa.bo\/index.php\/wp-json\/wp\/v2\/users\/1"}],"replies":[{"embeddable":true,"href":"https:\/\/iiccfapostgrado.umsa.bo\/index.php\/wp-json\/wp\/v2\/comments?post=3167"}],"version-history":[{"count":1,"href":"https:\/\/iiccfapostgrado.umsa.bo\/index.php\/wp-json\/wp\/v2\/pages\/3167\/revisions"}],"predecessor-version":[{"id":3171,"href":"https:\/\/iiccfapostgrado.umsa.bo\/index.php\/wp-json\/wp\/v2\/pages\/3167\/revisions\/3171"}],"wp:attachment":[{"href":"https:\/\/iiccfapostgrado.umsa.bo\/index.php\/wp-json\/wp\/v2\/media?parent=3167"}],"curies":[{"name":"wp","href":"https:\/\/api.w.org\/{rel}","templated":true}]}}