{"id":513,"date":"2023-05-12T20:48:26","date_gmt":"2023-05-12T20:48:26","guid":{"rendered":"http:\/\/200.7.160.242\/wordpress\/?page_id=513"},"modified":"2023-05-31T16:02:27","modified_gmt":"2023-05-31T16:02:27","slug":"unidad-de-postgrado","status":"publish","type":"page","link":"https:\/\/iiccfapostgrado.umsa.bo\/index.php\/unidad-de-postgrado\/","title":{"rendered":"UNIDAD DE POSTGRADO"},"content":{"rendered":"<div id=\"pl-513\"  class=\"panel-layout\" ><div id=\"pg-513-0\"  class=\"panel-grid panel-no-style\" ><div id=\"pgc-513-0-0\"  class=\"panel-grid-cell\" ><div id=\"panel-513-0-0-0\" class=\"so-panel widget widget_media_image panel-first-child panel-last-child\" data-index=\"0\" ><img width=\"1640\" height=\"924\" src=\"https:\/\/iiccfapostgrado.umsa.bo\/wp-content\/uploads\/2023\/05\/UNIDAD-DE-POSTGRADO.png\" class=\"image wp-image-853  attachment-full size-full\" alt=\"\" decoding=\"async\" loading=\"lazy\" style=\"max-width: 100%; height: auto;\" srcset=\"https:\/\/iiccfapostgrado.umsa.bo\/wp-content\/uploads\/2023\/05\/UNIDAD-DE-POSTGRADO.png 1640w, https:\/\/iiccfapostgrado.umsa.bo\/wp-content\/uploads\/2023\/05\/UNIDAD-DE-POSTGRADO-300x169.png 300w, https:\/\/iiccfapostgrado.umsa.bo\/wp-content\/uploads\/2023\/05\/UNIDAD-DE-POSTGRADO-1024x577.png 1024w, https:\/\/iiccfapostgrado.umsa.bo\/wp-content\/uploads\/2023\/05\/UNIDAD-DE-POSTGRADO-768x433.png 768w, https:\/\/iiccfapostgrado.umsa.bo\/wp-content\/uploads\/2023\/05\/UNIDAD-DE-POSTGRADO-1536x865.png 1536w\" sizes=\"(max-width: 1640px) 100vw, 1640px\" \/><\/div><\/div><\/div><div id=\"pg-513-1\"  class=\"panel-grid panel-no-style\" ><div id=\"pgc-513-1-0\"  class=\"panel-grid-cell\" ><div id=\"panel-513-1-0-0\" class=\"so-panel widget widget_circleicon-widget panel-first-child panel-last-child\" data-index=\"1\" >\t\t<div class=\"circle-icon-box circle-icon-position-top circle-icon-hide-box circle-icon-size-small \">\n\t\t\t\t\t\t\t<div class=\"circle-icon-wrapper\">\n\t\t\t\t\t\t\t\t\t\t<div class=\"circle-icon icon-style-set\" style=\"background-color: #00096d\">\n\t\t\t\t\t\t\t\t\t\t\t\t\t<div class=\"fa fa-pencil-square-o\" style=\"color: #ffffff\"><\/div>\n\t\t\t\t\t\t\t\t\t\t\t<\/div> \n\t\t\t\t\t\t\t\t\t<\/div>\n\t\t\t\n\t\t\t\t\t\t\t\t\t\n\t\t\t\t\t\t\t\t<\/div>\n\t\t<\/div><\/div><div id=\"pgc-513-1-1\"  class=\"panel-grid-cell panel-grid-cell-mobile-last\" ><div id=\"panel-513-1-1-0\" class=\"so-panel widget widget_headline-widget panel-first-child panel-last-child\" data-index=\"2\" ><div class=\"panel-widget-style panel-widget-style-for-513-1-1-0\" >\t\t<h1>MISI\u00d3N<\/h1>\n\t\t<div class=\"decoration\"><div class=\"decoration-inside\"><\/div><\/div>\n\t\t<h3><\/h3>\n\t\t<\/div><\/div><\/div><div id=\"pgc-513-1-2\"  class=\"panel-grid-cell panel-grid-cell-empty\" ><\/div><\/div><div id=\"pg-513-2\"  class=\"panel-grid panel-no-style\" ><div id=\"pgc-513-2-0\"  class=\"panel-grid-cell\" ><div id=\"panel-513-2-0-0\" class=\"so-panel widget widget_text panel-first-child panel-last-child\" data-index=\"3\" ><div class=\"panel-widget-style panel-widget-style-for-513-2-0-0\" >\t\t\t<div class=\"textwidget\"><p>&nbsp;<\/p>\n<p>&nbsp;<\/p>\n<p><span style=\"vertical-align: inherit; text-align: justify;\"><span style=\"vertical-align: inherit;\"><span style=\"vertical-align: inherit;\"><span style=\"vertical-align: inherit;\"><span style=\"vertical-align: inherit;\"><span style=\"vertical-align: inherit;\"><span style=\"vertical-align: inherit;\"><span style=\"vertical-align: inherit; font-size: 20px;\"><span style=\"vertical-align: inherit;\"><span style=\"vertical-align: inherit;\"><span style=\"vertical-align: inherit;\"><span style=\"vertical-align: inherit;\"><span style=\"vertical-align: inherit;\"><span style=\"vertical-align: inherit;\"><span style=\"vertical-align: inherit;\"><span style=\"vertical-align: inherit;\">\u00a0 \u00a0 \u00a0 Formar Profesionales en Contadur\u00eda P\u00fablica, con excelencia acad\u00e9mica en las \u00e1reas de informaci\u00f3n financiera y<\/span><\/span><\/span><\/span><\/span><\/span><\/span><\/span><\/span><\/span><\/span><\/span><\/span><\/span><\/span><\/span><\/p>\n<p><span style=\"vertical-align: inherit;\"><span style=\"vertical-align: inherit;\"><span style=\"vertical-align: inherit;\"><span style=\"vertical-align: inherit;\"><span style=\"vertical-align: inherit;\"><span style=\"vertical-align: inherit;\"><span style=\"vertical-align: inherit;\"><span style=\"vertical-align: inherit; font-size: 20px;\"><span style=\"vertical-align: inherit;\"><span style=\"vertical-align: inherit;\"><span style=\"vertical-align: inherit;\"><span style=\"vertical-align: inherit;\"><span style=\"vertical-align: inherit;\"><span style=\"vertical-align: inherit;\"><span style=\"vertical-align: inherit;\"><span style=\"vertical-align: inherit;\">\u00a0 \u00a0 \u00a0 no financiera, <\/span><\/span><\/span><\/span><\/span><\/span><\/span><\/span><\/span><\/span><\/span><\/span><\/span><\/span><\/span><\/span><span style=\"vertical-align: inherit;\"><span style=\"vertical-align: inherit;\"><span style=\"vertical-align: inherit;\"><span style=\"vertical-align: inherit;\"><span style=\"vertical-align: inherit;\"><span style=\"vertical-align: inherit;\"><span style=\"vertical-align: inherit;\"><span style=\"vertical-align: inherit; font-size: 20px;\"><span style=\"vertical-align: inherit;\"><span style=\"vertical-align: inherit;\"><span style=\"vertical-align: inherit;\"><span style=\"vertical-align: inherit;\"><span style=\"vertical-align: inherit;\"><span style=\"vertical-align: inherit;\"><span style=\"vertical-align: inherit;\"><span style=\"vertical-align: inherit;\">que permite potenciar la capacidad de la toma de decisiones por diversos usuarios.<\/span><\/span><\/span><\/span><\/span><\/span><\/span><\/span><\/span><\/span><\/span><\/span><\/span><\/span><\/span><\/span><\/p>\n<p>&nbsp;<\/p>\n<p>&nbsp;<\/p>\n<\/div>\n\t\t<\/div><\/div><\/div><\/div><div id=\"pg-513-3\"  class=\"panel-grid panel-no-style\" ><div id=\"pgc-513-3-0\"  class=\"panel-grid-cell panel-grid-cell-empty\" ><\/div><\/div><div id=\"pg-513-4\"  class=\"panel-grid panel-no-style\" ><div id=\"pgc-513-4-0\"  class=\"panel-grid-cell\" ><div id=\"panel-513-4-0-0\" class=\"so-panel widget widget_circleicon-widget panel-first-child panel-last-child\" data-index=\"4\" >\t\t<div class=\"circle-icon-box circle-icon-position-top circle-icon-hide-box circle-icon-size-small \">\n\t\t\t\t\t\t\t<div class=\"circle-icon-wrapper\">\n\t\t\t\t\t\t\t\t\t\t<div class=\"circle-icon icon-style-set\" style=\"background-color: #00096d\">\n\t\t\t\t\t\t\t\t\t\t\t\t\t<div class=\"fa fa-check-circle-o\" style=\"color: #ffffff\"><\/div>\n\t\t\t\t\t\t\t\t\t\t\t<\/div> \n\t\t\t\t\t\t\t\t\t<\/div>\n\t\t\t\n\t\t\t\t\t\t\t\t\t\n\t\t\t\t\t\t\t\t<\/div>\n\t\t<\/div><\/div><div id=\"pgc-513-4-1\"  class=\"panel-grid-cell panel-grid-cell-mobile-last\" ><div id=\"panel-513-4-1-0\" class=\"so-panel widget widget_headline-widget panel-first-child panel-last-child\" data-index=\"5\" >\t\t<h1>VISI\u00d3N<\/h1>\n\t\t<div class=\"decoration\"><div class=\"decoration-inside\"><\/div><\/div>\n\t\t<h3><\/h3>\n\t\t<\/div><\/div><div id=\"pgc-513-4-2\"  class=\"panel-grid-cell panel-grid-cell-empty\" ><\/div><\/div><div id=\"pg-513-5\"  class=\"panel-grid panel-no-style\" ><div id=\"pgc-513-5-0\"  class=\"panel-grid-cell\" ><div id=\"panel-513-5-0-0\" class=\"so-panel widget widget_text panel-first-child panel-last-child\" data-index=\"6\" ><div class=\"panel-widget-style panel-widget-style-for-513-5-0-0\" >\t\t\t<div class=\"textwidget\"><p><span style=\"vertical-align: inherit; text-align: justify;\"><span style=\"vertical-align: inherit;\"><span style=\"vertical-align: inherit;\"><span style=\"vertical-align: inherit; font-size: 20px;\"><span style=\"vertical-align: inherit;\"><span style=\"vertical-align: inherit;\"><span style=\"vertical-align: inherit;\"><span style=\"vertical-align: inherit;\"><span style=\"vertical-align: inherit;\"><span style=\"vertical-align: inherit;\">\u00a0 \u00a0 \u00a0 \u00a0<\/span><\/span><\/span><\/span><\/span><\/span><\/span><\/span><\/span><\/span><\/p>\n<p>&nbsp;<\/p>\n<p><span style=\"vertical-align: inherit; text-align: justify;\"><span style=\"vertical-align: inherit;\"><span style=\"vertical-align: inherit;\"><span style=\"vertical-align: inherit; font-size: 20px;\"><span style=\"vertical-align: inherit;\"><span style=\"vertical-align: inherit;\"><span style=\"vertical-align: inherit;\"><span style=\"vertical-align: inherit;\"><span style=\"vertical-align: inherit;\"><span style=\"vertical-align: inherit;\"><span style=\"vertical-align: inherit;\"><span style=\"vertical-align: inherit;\"><span style=\"vertical-align: inherit;\"><span style=\"vertical-align: inherit;\"><span style=\"vertical-align: inherit;\"><span style=\"vertical-align: inherit;\"><span style=\"vertical-align: inherit;\"><span style=\"vertical-align: inherit;\">\u00a0 \u00a0 \u00a0 \u00a0 Ser una Unidad Acad\u00e9mica acreditada nacional e internacionalmente en la formaci\u00f3n de profesionales altamente<\/span><\/span><\/span><\/span><\/span><\/span><\/span><\/span><\/span><\/span><\/span><\/span><\/span><\/span><\/span><\/span><\/span><\/span><\/p>\n<p><span style=\"vertical-align: inherit; text-align: justify;\"><span style=\"vertical-align: inherit;\"><span style=\"vertical-align: inherit;\"><span style=\"vertical-align: inherit; font-size: 20px;\"><span style=\"vertical-align: inherit;\"><span style=\"vertical-align: inherit;\"><span style=\"vertical-align: inherit;\"><span style=\"vertical-align: inherit;\"><span style=\"vertical-align: inherit;\"><span style=\"vertical-align: inherit;\"><span style=\"vertical-align: inherit;\"><span style=\"vertical-align: inherit;\"><span style=\"vertical-align: inherit;\"><span style=\"vertical-align: inherit;\"><span style=\"vertical-align: inherit;\"><span style=\"vertical-align: inherit;\"><span style=\"vertical-align: inherit;\"><span style=\"vertical-align: inherit;\">\u00a0 \u00a0 \u00a0 \u00a0 competitivos en Contadur\u00eda P\u00fablica,\u00a0 <\/span><\/span><\/span><\/span><\/span><\/span><\/span><\/span><\/span><\/span><\/span><\/span><\/span><\/span><\/span><\/span><span style=\"vertical-align: inherit;\"><span style=\"vertical-align: inherit;\"><span style=\"vertical-align: inherit; font-size: 20px;\"><span style=\"vertical-align: inherit;\"><span style=\"vertical-align: inherit;\"><span style=\"vertical-align: inherit;\"><span style=\"vertical-align: inherit;\"><span style=\"vertical-align: inherit;\"><span style=\"vertical-align: inherit;\"><span style=\"vertical-align: inherit;\"><span style=\"vertical-align: inherit;\"><span style=\"vertical-align: inherit;\"><span style=\"vertical-align: inherit;\"><span style=\"vertical-align: inherit;\"><span style=\"vertical-align: inherit;\"><span style=\"vertical-align: inherit;\"><span style=\"vertical-align: inherit;\">aplicando un modelo educativo integrador, pertinente y permanente a las<\/span><\/span><\/span><\/span><\/span><\/span><\/span><\/span><\/span><\/span><\/span><\/span><\/span><\/span><\/span><\/span><\/span><\/span><\/span><\/p>\n<p><span style=\"vertical-align: inherit; text-align: justify;\"><span style=\"vertical-align: inherit;\"><span style=\"vertical-align: inherit;\"><span style=\"vertical-align: inherit;\"><span style=\"vertical-align: inherit; font-size: 20px;\"><span style=\"vertical-align: inherit;\"><span style=\"vertical-align: inherit;\"><span style=\"vertical-align: inherit;\"><span style=\"vertical-align: inherit;\"><span style=\"vertical-align: inherit;\"><span style=\"vertical-align: inherit;\"><span style=\"vertical-align: inherit;\"><span style=\"vertical-align: inherit;\"><span style=\"vertical-align: inherit;\"><span style=\"vertical-align: inherit;\"><span style=\"vertical-align: inherit;\"><span style=\"vertical-align: inherit;\"><span style=\"vertical-align: inherit;\"><span style=\"vertical-align: inherit;\">\u00a0 \u00a0 \u00a0 \u00a0 demandas de la sociedad, la profesi\u00f3n y el estado.<\/span><\/span><\/span><\/span><\/span><\/span><\/span><\/span><\/span><\/span><\/span><\/span><\/span><\/span><\/span><\/span><\/span><\/span><\/span><\/p>\n<p>&nbsp;<\/p>\n<p>&nbsp;<\/p>\n<\/div>\n\t\t<\/div><\/div><\/div><\/div><div id=\"pg-513-6\"  class=\"panel-grid panel-no-style\" ><div id=\"pgc-513-6-0\"  class=\"panel-grid-cell panel-grid-cell-empty\" ><\/div><\/div><div id=\"pg-513-7\"  class=\"panel-grid panel-no-style\" ><div id=\"pgc-513-7-0\"  class=\"panel-grid-cell\" ><div id=\"panel-513-7-0-0\" class=\"so-panel widget widget_circleicon-widget panel-first-child panel-last-child\" data-index=\"7\" >\t\t<div class=\"circle-icon-box circle-icon-position-top circle-icon-hide-box circle-icon-size-small \">\n\t\t\t\t\t\t\t<div class=\"circle-icon-wrapper\">\n\t\t\t\t\t\t\t\t\t\t<div class=\"circle-icon icon-style-set\" style=\"background-color: #00096d\">\n\t\t\t\t\t\t\t\t\t\t\t\t\t<div class=\"fa fa-clock-o\" style=\"color: #ffffff\"><\/div>\n\t\t\t\t\t\t\t\t\t\t\t<\/div> \n\t\t\t\t\t\t\t\t\t<\/div>\n\t\t\t\n\t\t\t\t\t\t\t\t\t\n\t\t\t\t\t\t\t\t<\/div>\n\t\t<\/div><\/div><div id=\"pgc-513-7-1\"  class=\"panel-grid-cell panel-grid-cell-mobile-last\" ><div id=\"panel-513-7-1-0\" class=\"so-panel widget widget_headline-widget panel-first-child panel-last-child\" data-index=\"8\" >\t\t<h1>OBJETIVO<\/h1>\n\t\t<div class=\"decoration\"><div class=\"decoration-inside\"><\/div><\/div>\n\t\t<h3><\/h3>\n\t\t<\/div><\/div><div id=\"pgc-513-7-2\"  class=\"panel-grid-cell panel-grid-cell-empty\" ><\/div><\/div><div id=\"pg-513-8\"  class=\"panel-grid panel-no-style\" ><div id=\"pgc-513-8-0\"  class=\"panel-grid-cell\" ><div id=\"panel-513-8-0-0\" class=\"so-panel widget widget_text panel-first-child panel-last-child\" data-index=\"9\" ><div class=\"panel-widget-style panel-widget-style-for-513-8-0-0\" >\t\t\t<div class=\"textwidget\"><p>&nbsp;<\/p>\n<p>&nbsp;<\/p>\n<p><span style=\"vertical-align: inherit;\"><span style=\"vertical-align: inherit; font-size: 20px;\"><span style=\"vertical-align: inherit;\"><span style=\"vertical-align: inherit;\"><span style=\"vertical-align: inherit;\"><span style=\"vertical-align: inherit;\"><span style=\"vertical-align: inherit;\"><span style=\"vertical-align: inherit;\"><span style=\"vertical-align: inherit;\"><span style=\"vertical-align: inherit;\">\u00a0 \u00a0 \u00a0 \u00a0 Formar Profesionales de alto nivel acad\u00e9mico, cient\u00edfico y t\u00e9cnico a trav\u00e9s de la profundizaci\u00f3n de conocimientos<\/span><\/span><\/span><\/span><\/span><\/span><\/span><\/span><\/span><\/span><\/p>\n<p><span style=\"vertical-align: inherit;\"><span style=\"vertical-align: inherit; font-size: 20px;\"><span style=\"vertical-align: inherit;\"><span style=\"vertical-align: inherit;\"><span style=\"vertical-align: inherit;\"><span style=\"vertical-align: inherit;\"><span style=\"vertical-align: inherit;\"><span style=\"vertical-align: inherit;\"><span style=\"vertical-align: inherit;\"><span style=\"vertical-align: inherit;\">\u00a0 \u00a0 \u00a0 \u00a0 interdisciplinarios <\/span><\/span><\/span><\/span><\/span><\/span><\/span><\/span><\/span><\/span><span style=\"vertical-align: inherit;\"><span style=\"vertical-align: inherit; font-size: 20px;\"><span style=\"vertical-align: inherit;\"><span style=\"vertical-align: inherit;\"><span style=\"vertical-align: inherit;\"><span style=\"vertical-align: inherit;\"><span style=\"vertical-align: inherit;\"><span style=\"vertical-align: inherit;\"><span style=\"vertical-align: inherit;\"><span style=\"vertical-align: inherit;\">en temas de campos espec\u00edficos de las ciencias contables, financieras y <\/span><\/span><\/span><\/span><\/span><\/span><\/span><\/span><\/span><\/span><span style=\"vertical-align: inherit;\"><span style=\"vertical-align: inherit; font-size: 20px;\"><span style=\"vertical-align: inherit;\"><span style=\"vertical-align: inherit;\"><span style=\"vertical-align: inherit;\"><span style=\"vertical-align: inherit;\"><span style=\"vertical-align: inherit;\"><span style=\"vertical-align: inherit;\"><span style=\"vertical-align: inherit;\"><span style=\"vertical-align: inherit;\">\u00a0auditorias mediante el<\/span><\/span><\/span><\/span><\/span><\/span><\/span><\/span><\/span><\/span><\/p>\n<p><span style=\"vertical-align: inherit;\"><span style=\"vertical-align: inherit; font-size: 20px;\"><span style=\"vertical-align: inherit;\"><span style=\"vertical-align: inherit;\"><span style=\"vertical-align: inherit;\"><span style=\"vertical-align: inherit;\"><span style=\"vertical-align: inherit;\"><span style=\"vertical-align: inherit;\"><span style=\"vertical-align: inherit;\"><span style=\"vertical-align: inherit;\">\u00a0 \u00a0 \u00a0 \u00a0 desarrollo de programas Post graduales que, cumpliendo condiciones de calidad te\u00f3rica y metodol\u00f3gica les<\/span><\/span><\/span><\/span><\/span><\/span><\/span><\/span><\/span><\/span><\/p>\n<p><span style=\"vertical-align: inherit;\"><span style=\"vertical-align: inherit; font-size: 20px;\"><span style=\"vertical-align: inherit;\"><span style=\"vertical-align: inherit;\"><span style=\"vertical-align: inherit;\"><span style=\"vertical-align: inherit;\"><span style=\"vertical-align: inherit;\"><span style=\"vertical-align: inherit;\"><span style=\"vertical-align: inherit;\"><span style=\"vertical-align: inherit;\">\u00a0 \u00a0 \u00a0 \u00a0permitir\u00e1n dar respuesta a cuestiones importantes del desarrollo nacional, departamental, regional y local.<\/span><\/span><\/span><\/span><\/span><\/span><\/span><\/span><\/span><\/span><\/p>\n<p>&nbsp;<\/p>\n<p>&nbsp;<\/p>\n<\/div>\n\t\t<\/div><\/div><\/div><\/div><\/div>","protected":false},"excerpt":{"rendered":"<p>MISI\u00d3N &nbsp; &nbsp; \u00a0 \u00a0 \u00a0 Formar Profesionales en Contadur\u00eda P\u00fablica, con excelencia acad\u00e9mica en las \u00e1reas de informaci\u00f3n financiera y \u00a0 \u00a0 \u00a0 no financiera, que permite potenciar la capacidad de la toma de decisiones por diversos usuarios. &nbsp; &nbsp; VISI\u00d3N \u00a0 \u00a0 \u00a0 \u00a0 &nbsp; \u00a0 \u00a0 \u00a0 \u00a0 Ser una Unidad Acad\u00e9mica [&hellip;]<\/p>\n","protected":false},"author":1,"featured_media":0,"parent":0,"menu_order":0,"comment_status":"closed","ping_status":"closed","template":"","meta":[],"_links":{"self":[{"href":"https:\/\/iiccfapostgrado.umsa.bo\/index.php\/wp-json\/wp\/v2\/pages\/513"}],"collection":[{"href":"https:\/\/iiccfapostgrado.umsa.bo\/index.php\/wp-json\/wp\/v2\/pages"}],"about":[{"href":"https:\/\/iiccfapostgrado.umsa.bo\/index.php\/wp-json\/wp\/v2\/types\/page"}],"author":[{"embeddable":true,"href":"https:\/\/iiccfapostgrado.umsa.bo\/index.php\/wp-json\/wp\/v2\/users\/1"}],"replies":[{"embeddable":true,"href":"https:\/\/iiccfapostgrado.umsa.bo\/index.php\/wp-json\/wp\/v2\/comments?post=513"}],"version-history":[{"count":67,"href":"https:\/\/iiccfapostgrado.umsa.bo\/index.php\/wp-json\/wp\/v2\/pages\/513\/revisions"}],"predecessor-version":[{"id":1406,"href":"https:\/\/iiccfapostgrado.umsa.bo\/index.php\/wp-json\/wp\/v2\/pages\/513\/revisions\/1406"}],"wp:attachment":[{"href":"https:\/\/iiccfapostgrado.umsa.bo\/index.php\/wp-json\/wp\/v2\/media?parent=513"}],"curies":[{"name":"wp","href":"https:\/\/api.w.org\/{rel}","templated":true}]}}